{"id":1336,"date":"2025-07-08T18:07:36","date_gmt":"2025-07-08T16:07:36","guid":{"rendered":"https:\/\/mindsettw.de\/?page_id=1336"},"modified":"2025-08-15T20:09:52","modified_gmt":"2025-08-15T18:09:52","slug":"verschiedenes","status":"publish","type":"page","link":"https:\/\/mindsettw.de\/en\/verschiedenes\/","title":{"rendered":"Verschiedenes"},"content":{"rendered":"<div data-elementor-type=\"wp-page\" data-elementor-id=\"1336\" class=\"elementor elementor-1336\">\n\t\t\t\t<div class=\"elementor-element elementor-element-49c3fe98 e-flex e-con-boxed e-con e-parent\" data-id=\"49c3fe98\" data-element_type=\"container\" data-e-type=\"container\">\n\t\t\t\t\t<div class=\"e-con-inner\">\n\t\t\t\t<div class=\"elementor-element elementor-element-34455b49 elementor-widget elementor-widget-text-editor\" data-id=\"34455b49\" data-element_type=\"widget\" data-e-type=\"widget\" data-widget_type=\"text-editor.default\">\n\t\t\t\t<div class=\"elementor-widget-container\">\n\t\t\t\t\t\t\t\t\t\n<p style=\"text-align: center;\"><span style=\"color: #00ccff;\"><strong>Hier findest du verschiedene Inhalte und Themen&#8230;<\/strong><\/span><\/p>\n\t\t\t\t\t\t\t\t<\/div>\n\t\t\t\t<\/div>\n\t\t\t\t\t<\/div>\n\t\t\t\t<\/div>\n\t\t<div class=\"elementor-element elementor-element-27a0522 e-grid e-con-boxed e-con e-parent\" data-id=\"27a0522\" data-element_type=\"container\" data-e-type=\"container\">\n\t\t\t\t\t<div class=\"e-con-inner\">\n\t\t\t\t<div class=\"elementor-element elementor-element-828a7cf elementor-widget elementor-widget-image\" data-id=\"828a7cf\" data-element_type=\"widget\" data-e-type=\"widget\" data-widget_type=\"image.default\">\n\t\t\t\t<div class=\"elementor-widget-container\">\n\t\t\t\t\t\t\t\t\t\t\t\t<figure class=\"wp-caption\">\n\t\t\t\t\t\t\t\t\t\t\t<a href=\"https:\/\/amzn.to\/4kp94dR\" target=\"_blank\" rel=\"noopener\">\n\t\t\t\t\t\t\t<img decoding=\"async\" width=\"150\" height=\"150\" src=\"https:\/\/mindsettw.de\/wp-content\/uploads\/2025\/07\/71X2CvewskL._AC_SX679_-150x150.jpg\" class=\"attachment-thumbnail size-thumbnail wp-image-1347\" alt=\"\" srcset=\"https:\/\/mindsettw.de\/wp-content\/uploads\/2025\/07\/71X2CvewskL._AC_SX679_-150x150.jpg 150w, https:\/\/mindsettw.de\/wp-content\/uploads\/2025\/07\/71X2CvewskL._AC_SX679_-12x12.jpg 12w\" sizes=\"(max-width: 150px) 100vw, 150px\" \/>\t\t\t\t\t\t\t\t<\/a>\n\t\t\t\t\t\t\t\t\t\t\t<figcaption class=\"widget-image-caption wp-caption-text\">Original Stationery Weicher Ton f\u00fcr Schleim, Modellierton und weisser Ton f\u00fcr Kinder, Leim und Rasierschaum hinzuf\u00fcgen zur Herstellung von Butterschleim, 600 Gramm<\/figcaption>\n\t\t\t\t\t\t\t\t\t\t<\/figure>\n\t\t\t\t\t\t\t\t\t<\/div>\n\t\t\t\t<\/div>\n\t\t\t\t<div class=\"elementor-element elementor-element-48b16e0 elementor-widget elementor-widget-image\" data-id=\"48b16e0\" data-element_type=\"widget\" data-e-type=\"widget\" data-widget_type=\"image.default\">\n\t\t\t\t<div class=\"elementor-widget-container\">\n\t\t\t\t\t\t\t\t\t\t\t\t<figure class=\"wp-caption\">\n\t\t\t\t\t\t\t\t\t\t\t<a href=\"https:\/\/amzn.to\/4lcdNAU\" target=\"_blank\" rel=\"noopener\">\n\t\t\t\t\t\t\t<img decoding=\"async\" width=\"150\" height=\"150\" src=\"https:\/\/mindsettw.de\/wp-content\/uploads\/2025\/07\/71Ghgk9rwQS._AC_SY879_-150x150.jpg\" class=\"attachment-thumbnail size-thumbnail wp-image-1348\" alt=\"\" \/>\t\t\t\t\t\t\t\t<\/a>\n\t\t\t\t\t\t\t\t\t\t\t<figcaption class=\"widget-image-caption wp-caption-text\">Cl\u00e9opatre - Transparenter Kleber - Nachf\u00fcllpackung - Einfache, pr\u00e4zise und gleichm\u00e4\u00dfige Anwendung - L\u00f6sungsmittelfrei, Reinigung mit Wasser - Ab 6 Jahren - 2KG<\/figcaption>\n\t\t\t\t\t\t\t\t\t\t<\/figure>\n\t\t\t\t\t\t\t\t\t<\/div>\n\t\t\t\t<\/div>\n\t\t\t\t<div class=\"elementor-element elementor-element-a2e643a elementor-widget elementor-widget-image\" data-id=\"a2e643a\" data-element_type=\"widget\" data-e-type=\"widget\" data-widget_type=\"image.default\">\n\t\t\t\t<div class=\"elementor-widget-container\">\n\t\t\t\t\t\t\t\t\t\t\t\t<figure class=\"wp-caption\">\n\t\t\t\t\t\t\t\t\t\t\t<a href=\"https:\/\/amzn.to\/4kxXn4T\" target=\"_blank\" rel=\"noopener\">\n\t\t\t\t\t\t\t<img decoding=\"async\" width=\"150\" height=\"150\" src=\"https:\/\/mindsettw.de\/wp-content\/uploads\/2025\/07\/81bmIF4Bo9L.__AC_SX300_SY300_QL70_ML2_-150x150.jpg\" class=\"attachment-thumbnail size-thumbnail wp-image-1354\" alt=\"\" \/>\t\t\t\t\t\t\t\t<\/a>\n\t\t\t\t\t\t\t\t\t\t\t<figcaption class=\"widget-image-caption wp-caption-text\">GIOTTO Collage, transparenter Fl\u00fcssigkleber, Kunststoffkanister, 5 kg<\/figcaption>\n\t\t\t\t\t\t\t\t\t\t<\/figure>\n\t\t\t\t\t\t\t\t\t<\/div>\n\t\t\t\t<\/div>\n\t\t\t\t<div class=\"elementor-element elementor-element-770e0f6 elementor-widget elementor-widget-image\" data-id=\"770e0f6\" data-element_type=\"widget\" data-e-type=\"widget\" data-widget_type=\"image.default\">\n\t\t\t\t<div class=\"elementor-widget-container\">\n\t\t\t\t\t\t\t\t\t\t\t\t<figure class=\"wp-caption\">\n\t\t\t\t\t\t\t\t\t\t\t<a href=\"https:\/\/amzn.to\/4liZ1IR\" target=\"_blank\" rel=\"noopener\">\n\t\t\t\t\t\t\t<img loading=\"lazy\" decoding=\"async\" width=\"150\" height=\"150\" src=\"https:\/\/mindsettw.de\/wp-content\/uploads\/2025\/07\/71ddXhLDRGL._AC_SY879_-150x150.jpg\" class=\"attachment-thumbnail size-thumbnail wp-image-1359\" alt=\"\" \/>\t\t\t\t\t\t\t\t<\/a>\n\t\t\t\t\t\t\t\t\t\t\t<figcaption class=\"widget-image-caption wp-caption-text\">Cl\u00e9optre VI5L Bastelkleber Vinylecole, 5000 g<\/figcaption>\n\t\t\t\t\t\t\t\t\t\t<\/figure>\n\t\t\t\t\t\t\t\t\t<\/div>\n\t\t\t\t<\/div>\n\t\t\t\t<div class=\"elementor-element elementor-element-a86a480 elementor-widget elementor-widget-image\" data-id=\"a86a480\" data-element_type=\"widget\" data-e-type=\"widget\" data-widget_type=\"image.default\">\n\t\t\t\t<div class=\"elementor-widget-container\">\n\t\t\t\t\t\t\t\t\t\t\t\t<figure class=\"wp-caption\">\n\t\t\t\t\t\t\t\t\t\t\t<a href=\"https:\/\/amzn.to\/4m2TFle\" target=\"_blank\" rel=\"noopener\">\n\t\t\t\t\t\t\t<img loading=\"lazy\" decoding=\"async\" width=\"150\" height=\"150\" src=\"https:\/\/mindsettw.de\/wp-content\/uploads\/2025\/08\/717d6q3WVL._AC_SY300_SX300_QL70_ML2_-150x150.jpg\" class=\"attachment-thumbnail size-thumbnail wp-image-1422\" alt=\"\" srcset=\"https:\/\/mindsettw.de\/wp-content\/uploads\/2025\/08\/717d6q3WVL._AC_SY300_SX300_QL70_ML2_-150x150.jpg 150w, https:\/\/mindsettw.de\/wp-content\/uploads\/2025\/08\/717d6q3WVL._AC_SY300_SX300_QL70_ML2_-13x12.jpg 13w\" sizes=\"(max-width: 150px) 100vw, 150px\" \/>\t\t\t\t\t\t\t\t<\/a>\n\t\t\t\t\t\t\t\t\t\t\t<figcaption class=\"widget-image-caption wp-caption-text\">Relota 2 St\u00fcck Teesieb f\u00fcr Losen Tee, Teefilter Edelstahl 304 mit Klappbarem Griff und Deckel, Wiederverwendbar Tee Sieb, Feinmaschiges Tea Infuser, Teesiebe f\u00fcr die Meisten Tee-Tassen, Tee-Schalen<\/figcaption>\n\t\t\t\t\t\t\t\t\t\t<\/figure>\n\t\t\t\t\t\t\t\t\t<\/div>\n\t\t\t\t<\/div>\n\t\t\t\t<div class=\"elementor-element elementor-element-9ac6937 elementor-widget elementor-widget-image\" data-id=\"9ac6937\" data-element_type=\"widget\" data-e-type=\"widget\" data-widget_type=\"image.default\">\n\t\t\t\t<div class=\"elementor-widget-container\">\n\t\t\t\t\t\t\t\t\t\t\t\t<figure class=\"wp-caption\">\n\t\t\t\t\t\t\t\t\t\t\t<a href=\"https:\/\/amzn.to\/4lwk9un\" target=\"_blank\" rel=\"noopener\">\n\t\t\t\t\t\t\t<img loading=\"lazy\" decoding=\"async\" width=\"150\" height=\"150\" src=\"https:\/\/mindsettw.de\/wp-content\/uploads\/2025\/08\/61gmMv9mlGL._AC_SX679_-150x150.jpg\" class=\"attachment-thumbnail size-thumbnail wp-image-1437\" alt=\"\" \/>\t\t\t\t\t\t\t\t<\/a>\n\t\t\t\t\t\t\t\t\t\t\t<figcaption class=\"widget-image-caption wp-caption-text\">JURA original - CLARIS Smart+ Filterpatrone mit automatischer Filtererkennung - T\u00dcV-zertifizierte Hygiene - 3er-Pack - 24233, Grau<\/figcaption>\n\t\t\t\t\t\t\t\t\t\t<\/figure>\n\t\t\t\t\t\t\t\t\t<\/div>\n\t\t\t\t<\/div>\n\t\t\t\t\t<\/div>\n\t\t\t\t<\/div>\n\t\t<div class=\"elementor-element elementor-element-4c0d135 e-grid e-con-boxed e-con e-parent\" data-id=\"4c0d135\" data-element_type=\"container\" data-e-type=\"container\">\n\t\t\t\t\t<div class=\"e-con-inner\">\n\t\t\t\t\t<\/div>\n\t\t\t\t<\/div>\n\t\t\t\t<\/div>","protected":false},"excerpt":{"rendered":"<p>Hier findest du verschiedene Inhalte und Themen&#8230; Original Stationery Weicher Ton f\u00fcr Schleim, Modellierton und weisser Ton f\u00fcr Kinder, Leim und Rasierschaum hinzuf\u00fcgen zur Herstellung von Butterschleim, 600 Gramm Cl\u00e9opatre &#8211; Transparenter Kleber &#8211; Nachf\u00fcllpackung &#8211; Einfache, pr\u00e4zise und gleichm\u00e4\u00dfige Anwendung &#8211; L\u00f6sungsmittelfrei, Reinigung mit Wasser &#8211; Ab 6 Jahren &#8211; 2KG GIOTTO Collage, transparenter [&hellip;]<\/p>","protected":false},"author":1,"featured_media":0,"parent":0,"menu_order":0,"comment_status":"closed","ping_status":"closed","template":"","meta":{"site-sidebar-layout":"default","site-content-layout":"","ast-site-content-layout":"default","site-content-style":"default","site-sidebar-style":"default","ast-global-header-display":"","ast-banner-title-visibility":"","ast-main-header-display":"","ast-hfb-above-header-display":"","ast-hfb-below-header-display":"","ast-hfb-mobile-header-display":"","site-post-title":"","ast-breadcrumbs-content":"","ast-featured-img":"","footer-sml-layout":"","theme-transparent-header-meta":"","adv-header-id-meta":"","stick-header-meta":"","header-above-stick-meta":"","header-main-stick-meta":"","header-below-stick-meta":"","astra-migrate-meta-layouts":"set","ast-page-background-enabled":"default","ast-page-background-meta":{"desktop":{"background-color":"","background-image":"","background-repeat":"repeat","background-position":"center center","background-size":"auto","background-attachment":"scroll","background-type":"","background-media":"","overlay-type":"","overlay-color":"","overlay-opacity":"","overlay-gradient":""},"tablet":{"background-color":"","background-image":"","background-repeat":"repeat","background-position":"center center","background-size":"auto","background-attachment":"scroll","background-type":"","background-media":"","overlay-type":"","overlay-color":"","overlay-opacity":"","overlay-gradient":""},"mobile":{"background-color":"","background-image":"","background-repeat":"repeat","background-position":"center center","background-size":"auto","background-attachment":"scroll","background-type":"","background-media":"","overlay-type":"","overlay-color":"","overlay-opacity":"","overlay-gradient":""}},"ast-content-background-meta":{"desktop":{"background-color":"var(--ast-global-color-5)","background-image":"","background-repeat":"repeat","background-position":"center center","background-size":"auto","background-attachment":"scroll","background-type":"","background-media":"","overlay-type":"","overlay-color":"","overlay-opacity":"","overlay-gradient":""},"tablet":{"background-color":"var(--ast-global-color-5)","background-image":"","background-repeat":"repeat","background-position":"center center","background-size":"auto","background-attachment":"scroll","background-type":"","background-media":"","overlay-type":"","overlay-color":"","overlay-opacity":"","overlay-gradient":""},"mobile":{"background-color":"var(--ast-global-color-5)","background-image":"","background-repeat":"repeat","background-position":"center center","background-size":"auto","background-attachment":"scroll","background-type":"","background-media":"","overlay-type":"","overlay-color":"","overlay-opacity":"","overlay-gradient":""}},"footnotes":""},"class_list":["post-1336","page","type-page","status-publish","hentry"],"_links":{"self":[{"href":"https:\/\/mindsettw.de\/en\/wp-json\/wp\/v2\/pages\/1336","targetHints":{"allow":["GET"]}}],"collection":[{"href":"https:\/\/mindsettw.de\/en\/wp-json\/wp\/v2\/pages"}],"about":[{"href":"https:\/\/mindsettw.de\/en\/wp-json\/wp\/v2\/types\/page"}],"author":[{"embeddable":true,"href":"https:\/\/mindsettw.de\/en\/wp-json\/wp\/v2\/users\/1"}],"replies":[{"embeddable":true,"href":"https:\/\/mindsettw.de\/en\/wp-json\/wp\/v2\/comments?post=1336"}],"version-history":[{"count":10,"href":"https:\/\/mindsettw.de\/en\/wp-json\/wp\/v2\/pages\/1336\/revisions"}],"predecessor-version":[{"id":1440,"href":"https:\/\/mindsettw.de\/en\/wp-json\/wp\/v2\/pages\/1336\/revisions\/1440"}],"wp:attachment":[{"href":"https:\/\/mindsettw.de\/en\/wp-json\/wp\/v2\/media?parent=1336"}],"curies":[{"name":"wp","href":"https:\/\/api.w.org\/{rel}","templated":true}]}}